{"id":3147,"date":"2021-12-18T18:07:58","date_gmt":"2021-12-18T17:07:58","guid":{"rendered":"http:\/\/wordpress.localhost\/?page_id=3147"},"modified":"2023-10-01T22:47:24","modified_gmt":"2023-10-01T20:47:24","slug":"pratiquer-avec-nous","status":"publish","type":"page","link":"https:\/\/speleoclub-gap.fr\/?page_id=3147","title":{"rendered":"Pratiquer avec nous !"},"content":{"rendered":"\n<div class=\"wp-block-group\"><div class=\"wp-block-group__inner-container is-layout-flow wp-block-group-is-layout-flow\">\n<div class=\"wp-block-columns is-layout-flex wp-container-core-columns-is-layout-9d6595d7 wp-block-columns-is-layout-flex\">\n<div class=\"wp-block-column is-layout-flow wp-block-column-is-layout-flow\" style=\"flex-basis:100%\">\n<div class=\"wp-block-media-text alignwide is-stacked-on-mobile\" style=\"grid-template-columns:51% auto\"><figure class=\"wp-block-media-text__media\"><img loading=\"lazy\" decoding=\"async\" width=\"750\" height=\"471\" src=\"https:\/\/speleoclub-gap.fr\/wp-content\/uploads\/2018\/01\/jpg_img_1453jpg_38758002965_om.jpg\" alt=\"\" class=\"wp-image-4987 size-full\" srcset=\"https:\/\/speleoclub-gap.fr\/wp-content\/uploads\/2018\/01\/jpg_img_1453jpg_38758002965_om.jpg 750w, https:\/\/speleoclub-gap.fr\/wp-content\/uploads\/2018\/01\/jpg_img_1453jpg_38758002965_om-300x188.jpg 300w\" sizes=\"auto, (max-width: 750px) 100vw, 750px\" \/><\/figure><div class=\"wp-block-media-text__content\">\n<p class=\"has-normal-font-size\">Depuis 1960, les membres du sp\u00e9l\u00e9o club de Gap explorent les cavit\u00e9s du d\u00e9partement et font d\u00e9couvrir les entrailles de la terre aux haut-alpins de tous \u00e2ges. M\u00eame si les sp\u00e9cificit\u00e9s de ses activit\u00e9s le rendent discret, le club assure une centaine de sorties par an dans de multiples domaines : initiation adultes et enfants, formation technique, scientifique, exploration, sp\u00e9l\u00e9o-plong\u00e9e, canyon, biologie, inventaire, photographie\u2026<\/p>\n<\/div><\/div>\n<\/div>\n<\/div>\n<\/div><\/div>\n\n\n\n<p>Bien entendu, le club propose des balades souterraines pour tous les niveaux et ce, presque tous les week-ends.<\/p>\n\n\n\n<p class=\"has-normal-font-size\"><strong>Le premier week-end d&rsquo;octobre, le Sp\u00e9l\u00e9o club Alpin de Gap vous propose de d\u00e9couvrir la sp\u00e9l\u00e9ologie dans le D\u00e9voluy.<\/strong> La date pr\u00e9cise est \u00e0 v\u00e9rifier sur le site de la <a href=\"http:\/\/www.ffspeleo.fr\/\" data-type=\"link\" data-id=\"http:\/\/www.ffspeleo.fr\/\">F\u00e9d\u00e9ration fran\u00e7aise de sp\u00e9l\u00e9ologie<\/a>.<\/p>\n\n\n\n<div class=\"wp-block-media-text alignwide is-stacked-on-mobile\" style=\"grid-template-columns:38% auto\"><figure class=\"wp-block-media-text__media\"><img loading=\"lazy\" decoding=\"async\" width=\"1024\" height=\"682\" src=\"https:\/\/speleoclub-gap.fr\/wp-content\/uploads\/2021\/12\/IMG_3274m-1024x682.jpg\" alt=\"\" class=\"wp-image-9487 size-full\" srcset=\"https:\/\/speleoclub-gap.fr\/wp-content\/uploads\/2021\/12\/IMG_3274m-1024x682.jpg 1024w, https:\/\/speleoclub-gap.fr\/wp-content\/uploads\/2021\/12\/IMG_3274m-300x200.jpg 300w, https:\/\/speleoclub-gap.fr\/wp-content\/uploads\/2021\/12\/IMG_3274m-768x512.jpg 768w, https:\/\/speleoclub-gap.fr\/wp-content\/uploads\/2021\/12\/IMG_3274m-1536x1024.jpg 1536w, https:\/\/speleoclub-gap.fr\/wp-content\/uploads\/2021\/12\/IMG_3274m-892x594.jpg 892w, https:\/\/speleoclub-gap.fr\/wp-content\/uploads\/2021\/12\/IMG_3274m-150x100.jpg 150w, https:\/\/speleoclub-gap.fr\/wp-content\/uploads\/2021\/12\/IMG_3274m.jpg 2000w\" sizes=\"auto, (max-width: 1024px) 100vw, 1024px\" \/><\/figure><div class=\"wp-block-media-text__content\">\n<p class=\"has-normal-font-size\">Retenez les dates, mais surtout, <strong><a href=\"https:\/\/speleoclub-gap.fr\/?page_id=3137\" target=\"_blank\" rel=\"noreferrer noopener\">INSCRIVEZ-VOUS&nbsp;\u00e0 l&rsquo;aide de la page contact.<\/a><\/strong><\/p>\n\n\n\n<p class=\"has-normal-font-size\">Vous avez entre 7 et 77 ans (ou plus), vous avez l\u2019habitude de randonner, vous pouvez venir faire une petite balade souterraine avec nous. Nous vous fournissons le mat\u00e9riel n\u00e9cessaire&nbsp;: casque, \u00e9clairage, combinaison, et baudrier pour les plus sportifs.<\/p>\n\n\n\n<p class=\"has-normal-font-size\">Vous avez rat\u00e9 le rendez-vous. Vous n\u2019\u00e9tiez pas disponibles. Pas de probl\u00e8me&nbsp;! Contactez nous pour une autre journ\u00e9e dans l\u2019ann\u00e9e.<\/p>\n<\/div><\/div>\n\n\n\n<p>Si vous voulez vous faire une id\u00e9e des impressions v\u00e9cues par les pr\u00e9c\u00e9dents participants, n\u2019h\u00e9sitez pas \u00e0 lire l\u2019excellent article de Claudine USCLAT sur <a href=\"http:\/\/www.alpes-et-midi.fr\/article\/decouverte-speleologie\">Alpes et Midi<\/a><\/p>\n\n\n\n<figure class=\"wp-block-embed is-type-video is-provider-dailymotion wp-block-embed-dailymotion wp-embed-aspect-16-9 wp-has-aspect-ratio\"><div class=\"wp-block-embed__wrapper\">\n<iframe loading=\"lazy\" title=\"D!CI TV :\u00a0la sp\u00e9l\u00e9ologie de Gap fait sa rentr\u00e9e\" frameborder=\"0\" width=\"672\" height=\"377\" src=\"https:\/\/geo.dailymotion.com\/player.html?video=x6sytob&#038;\" allowfullscreen allow=\"autoplay; fullscreen; picture-in-picture\"><\/iframe>\n<\/div><\/figure>\n","protected":false},"excerpt":{"rendered":"<p>Depuis 1960, les membres du sp\u00e9l\u00e9o club de Gap explorent les cavit\u00e9s du d\u00e9partement et font d\u00e9couvrir les entrailles de la terre aux haut-alpins de tous \u00e2ges. M\u00eame si les [&hellip;]<\/p>\n","protected":false},"author":2,"featured_media":0,"parent":0,"menu_order":0,"comment_status":"closed","ping_status":"closed","template":"","meta":{"footnotes":""},"class_list":["post-3147","page","type-page","status-publish","hentry"],"_links":{"self":[{"href":"https:\/\/speleoclub-gap.fr\/index.php?rest_route=\/wp\/v2\/pages\/3147","targetHints":{"allow":["GET"]}}],"collection":[{"href":"https:\/\/speleoclub-gap.fr\/index.php?rest_route=\/wp\/v2\/pages"}],"about":[{"href":"https:\/\/speleoclub-gap.fr\/index.php?rest_route=\/wp\/v2\/types\/page"}],"author":[{"embeddable":true,"href":"https:\/\/speleoclub-gap.fr\/index.php?rest_route=\/wp\/v2\/users\/2"}],"replies":[{"embeddable":true,"href":"https:\/\/speleoclub-gap.fr\/index.php?rest_route=%2Fwp%2Fv2%2Fcomments&post=3147"}],"version-history":[{"count":6,"href":"https:\/\/speleoclub-gap.fr\/index.php?rest_route=\/wp\/v2\/pages\/3147\/revisions"}],"predecessor-version":[{"id":10496,"href":"https:\/\/speleoclub-gap.fr\/index.php?rest_route=\/wp\/v2\/pages\/3147\/revisions\/10496"}],"wp:attachment":[{"href":"https:\/\/speleoclub-gap.fr\/index.php?rest_route=%2Fwp%2Fv2%2Fmedia&parent=3147"}],"curies":[{"name":"wp","href":"https:\/\/api.w.org\/{rel}","templated":true}]}}