{"id":10187,"date":"2022-12-21T22:58:34","date_gmt":"2022-12-21T21:58:34","guid":{"rendered":"https:\/\/speleoclub-gap.fr\/?page_id=10187"},"modified":"2026-01-08T16:05:07","modified_gmt":"2026-01-08T15:05:07","slug":"nos-amis-pros","status":"publish","type":"page","link":"https:\/\/speleoclub-gap.fr\/?page_id=10187","title":{"rendered":"Si vous cherchez un pro&#8230;"},"content":{"rendered":"\n<p>Le Sp\u00e9l\u00e9o club alpin de Gap est une association sportive loi 1901. Son objectif premier est de permettre \u00e0 ses adh\u00e9rents de pratiquer nos activit\u00e9s. Mais vous \u00eates peut-\u00eatre seulement de passage dans notre r\u00e9gion et vous souhaitez d\u00e9couvrir les grottes, les canyons, les montagnes de notre r\u00e9gion. Rien de plus simple, rapprochez-vous de nos amis professionnels : guide de haute montagne, moniteur d&rsquo;escalade, de sp\u00e9l\u00e9o, de canyon&#8230;<\/p>\n\n\n\n<div class=\"wp-block-columns is-layout-flex wp-container-core-columns-is-layout-9d6595d7 wp-block-columns-is-layout-flex\">\n<div class=\"wp-block-column is-layout-flow wp-block-column-is-layout-flow\" style=\"flex-basis:33.33%\"><div class=\"wp-block-image\">\n<figure class=\"aligncenter size-large is-resized\"><a href=\"https:\/\/ecrins-speleo-canyon.com\"><img loading=\"lazy\" decoding=\"async\" width=\"1024\" height=\"868\" src=\"https:\/\/speleoclub-gap.fr\/wp-content\/uploads\/2024\/03\/logo_EcrinsSpeleoCanyon_couleur_HD-1024x868.png\" alt=\"\" class=\"wp-image-10579\" style=\"aspect-ratio:1.1797313394690345;width:171px;height:auto\" srcset=\"https:\/\/speleoclub-gap.fr\/wp-content\/uploads\/2024\/03\/logo_EcrinsSpeleoCanyon_couleur_HD-1024x868.png 1024w, https:\/\/speleoclub-gap.fr\/wp-content\/uploads\/2024\/03\/logo_EcrinsSpeleoCanyon_couleur_HD-500x424.png 500w, https:\/\/speleoclub-gap.fr\/wp-content\/uploads\/2024\/03\/logo_EcrinsSpeleoCanyon_couleur_HD-768x651.png 768w, https:\/\/speleoclub-gap.fr\/wp-content\/uploads\/2024\/03\/logo_EcrinsSpeleoCanyon_couleur_HD-892x756.png 892w, https:\/\/speleoclub-gap.fr\/wp-content\/uploads\/2024\/03\/logo_EcrinsSpeleoCanyon_couleur_HD.png 1283w\" sizes=\"auto, (max-width: 1024px) 100vw, 1024px\" \/><\/a><\/figure>\n<\/div><\/div>\n\n\n\n<div class=\"wp-block-column is-layout-flow wp-block-column-is-layout-flow\" style=\"flex-basis:66.66%\">\n<h4 class=\"wp-block-heading\"><strong>Iannis WYPY<\/strong><\/h4>\n\n\n\n<p><a href=\"https:\/\/ecrins-speleo-canyon.com\/\" data-type=\"link\" data-id=\"https:\/\/ecrins-speleo-canyon.com\/\u200c\">Sp\u00e9l\u00e9ologie &amp; Canyonisme dans les Hautes-Alpes<\/a><br><br>Id\u00e9alement situ\u00e9s entre le massif des \u00c9crins et celui du D\u00e9voluy, proches de Gap, nous vous invitons \u00e0 une exp\u00e9rience inoubliable de d\u00e9couverte de la sp\u00e9l\u00e9ologie et du canyonisme, dans des milieux sauvages et pr\u00e9serv\u00e9s.<\/p>\n<\/div>\n<\/div>\n\n\n\n<hr class=\"wp-block-separator has-alpha-channel-opacity\"\/>\n\n\n\n<div class=\"wp-block-columns is-layout-flex wp-container-core-columns-is-layout-9d6595d7 wp-block-columns-is-layout-flex\">\n<div class=\"wp-block-column is-layout-flow wp-block-column-is-layout-flow\" style=\"flex-basis:66.66%\">\n<h4 class=\"wp-block-heading has-text-align-center\"><strong>Guillaume BOUCHER<\/strong><\/h4>\n\n\n\n<p class=\"has-text-align-center\"><strong><a href=\"https:\/\/anima-terra.com\/\" target=\"_blank\" rel=\"noreferrer noopener\">Anima-Terra<\/a><\/strong><\/p>\n\n\n\n<p>Une aventure inoubliable vous attend sous les montagnes des Hautes-Alpes<\/p>\n<\/div>\n\n\n\n<div class=\"wp-block-column is-layout-flow wp-block-column-is-layout-flow\" style=\"flex-basis:33.33%\">\n<figure class=\"wp-block-image size-large\"><a href=\"https:\/\/anima-terra.com\/\"><img loading=\"lazy\" decoding=\"async\" width=\"1024\" height=\"447\" src=\"https:\/\/speleoclub-gap.fr\/wp-content\/uploads\/2025\/08\/logo-clair-e1751188802977-1-1024x447.webp\" alt=\"\" class=\"wp-image-10811\" srcset=\"https:\/\/speleoclub-gap.fr\/wp-content\/uploads\/2025\/08\/logo-clair-e1751188802977-1-1024x447.webp 1024w, https:\/\/speleoclub-gap.fr\/wp-content\/uploads\/2025\/08\/logo-clair-e1751188802977-1-500x218.webp 500w, https:\/\/speleoclub-gap.fr\/wp-content\/uploads\/2025\/08\/logo-clair-e1751188802977-1-768x335.webp 768w, https:\/\/speleoclub-gap.fr\/wp-content\/uploads\/2025\/08\/logo-clair-e1751188802977-1-1536x671.webp 1536w, https:\/\/speleoclub-gap.fr\/wp-content\/uploads\/2025\/08\/logo-clair-e1751188802977-1-2048x894.webp 2048w, https:\/\/speleoclub-gap.fr\/wp-content\/uploads\/2025\/08\/logo-clair-e1751188802977-1-892x389.webp 892w\" sizes=\"auto, (max-width: 1024px) 100vw, 1024px\" \/><\/a><\/figure>\n<\/div>\n<\/div>\n\n\n\n<p><\/p>\n","protected":false},"excerpt":{"rendered":"<p>Le Sp\u00e9l\u00e9o club alpin de Gap est une association sportive loi 1901. Son objectif premier est de permettre \u00e0 ses adh\u00e9rents de pratiquer nos activit\u00e9s. Mais vous \u00eates peut-\u00eatre seulement [&hellip;]<\/p>\n","protected":false},"author":2,"featured_media":0,"parent":0,"menu_order":0,"comment_status":"closed","ping_status":"closed","template":"","meta":{"footnotes":""},"class_list":["post-10187","page","type-page","status-publish","hentry"],"_links":{"self":[{"href":"https:\/\/speleoclub-gap.fr\/index.php?rest_route=\/wp\/v2\/pages\/10187","targetHints":{"allow":["GET"]}}],"collection":[{"href":"https:\/\/speleoclub-gap.fr\/index.php?rest_route=\/wp\/v2\/pages"}],"about":[{"href":"https:\/\/speleoclub-gap.fr\/index.php?rest_route=\/wp\/v2\/types\/page"}],"author":[{"embeddable":true,"href":"https:\/\/speleoclub-gap.fr\/index.php?rest_route=\/wp\/v2\/users\/2"}],"replies":[{"embeddable":true,"href":"https:\/\/speleoclub-gap.fr\/index.php?rest_route=%2Fwp%2Fv2%2Fcomments&post=10187"}],"version-history":[{"count":13,"href":"https:\/\/speleoclub-gap.fr\/index.php?rest_route=\/wp\/v2\/pages\/10187\/revisions"}],"predecessor-version":[{"id":10934,"href":"https:\/\/speleoclub-gap.fr\/index.php?rest_route=\/wp\/v2\/pages\/10187\/revisions\/10934"}],"wp:attachment":[{"href":"https:\/\/speleoclub-gap.fr\/index.php?rest_route=%2Fwp%2Fv2%2Fmedia&parent=10187"}],"curies":[{"name":"wp","href":"https:\/\/api.w.org\/{rel}","templated":true}]}}